{"id":3104,"date":"2016-01-12T07:54:06","date_gmt":"2016-01-12T07:54:06","guid":{"rendered":"https:\/\/mainam.com.vn\/en\/products\/virgin-resin\/hat-ldpe\/"},"modified":"2016-04-01T09:53:52","modified_gmt":"2016-04-01T09:53:52","slug":"hat-ldpe","status":"publish","type":"page","link":"https:\/\/mainam.com.vn\/en\/hat-nhua-2\/hat-ldpe\/","title":{"rendered":"H\u1ea1t LDPE"},"content":{"rendered":"","protected":false},"excerpt":{"rendered":"","protected":false},"author":7,"featured_media":0,"parent":3069,"menu_order":0,"comment_status":"closed","ping_status":"closed","template":"","meta":{"footnotes":""},"yoast_head":"<!-- This site is optimized with the Yoast SEO plugin v22.7 - https:\/\/yoast.com\/wordpress\/plugins\/seo\/ -->\n<title>H\u1ea1t LDPE - Mai Nam - S\u1ea3n xu\u1ea5t m\u00e0ng HIPS, m\u00e0ng co PE, PVC, t\u00fai PE, HDPE, chai HDPE<\/title>\n<meta name=\"robots\" content=\"index, follow, max-snippet:-1, max-image-preview:large, max-video-preview:-1\" \/>\n<link rel=\"canonical\" href=\"https:\/\/mainam.com.vn\/en\/hat-nhua-2\/hat-ldpe\/\" \/>\n<meta property=\"og:locale\" content=\"en_US\" \/>\n<meta property=\"og:type\" content=\"article\" \/>\n<meta property=\"og:title\" content=\"H\u1ea1t LDPE - Mai Nam - S\u1ea3n xu\u1ea5t m\u00e0ng HIPS, m\u00e0ng co PE, PVC, t\u00fai PE, HDPE, chai HDPE\" \/>\n<meta property=\"og:url\" content=\"https:\/\/mainam.com.vn\/en\/hat-nhua-2\/hat-ldpe\/\" \/>\n<meta property=\"og:site_name\" content=\"Mai Nam - S\u1ea3n xu\u1ea5t m\u00e0ng HIPS, m\u00e0ng co PE, PVC, t\u00fai PE, HDPE, chai HDPE\" \/>\n<meta property=\"article:modified_time\" content=\"2016-04-01T09:53:52+00:00\" \/>\n<meta name=\"twitter:card\" content=\"summary_large_image\" \/>\n<script type=\"application\/ld+json\" class=\"yoast-schema-graph\">{\"@context\":\"https:\/\/schema.org\",\"@graph\":[{\"@type\":\"WebPage\",\"@id\":\"https:\/\/mainam.com.vn\/en\/hat-nhua-2\/hat-ldpe\/\",\"url\":\"https:\/\/mainam.com.vn\/en\/hat-nhua-2\/hat-ldpe\/\",\"name\":\"H\u1ea1t LDPE - Mai Nam - S\u1ea3n xu\u1ea5t m\u00e0ng HIPS, m\u00e0ng co PE, PVC, t\u00fai PE, HDPE, chai HDPE\",\"isPartOf\":{\"@id\":\"https:\/\/mainam.com.vn\/#website\"},\"datePublished\":\"2016-01-12T07:54:06+00:00\",\"dateModified\":\"2016-04-01T09:53:52+00:00\",\"breadcrumb\":{\"@id\":\"https:\/\/mainam.com.vn\/en\/hat-nhua-2\/hat-ldpe\/#breadcrumb\"},\"inLanguage\":\"en-US\",\"potentialAction\":[{\"@type\":\"ReadAction\",\"target\":[\"https:\/\/mainam.com.vn\/en\/hat-nhua-2\/hat-ldpe\/\"]}]},{\"@type\":\"BreadcrumbList\",\"@id\":\"https:\/\/mainam.com.vn\/en\/hat-nhua-2\/hat-ldpe\/#breadcrumb\",\"itemListElement\":[{\"@type\":\"ListItem\",\"position\":1,\"name\":\"Home\",\"item\":\"https:\/\/mainam.com.vn\/en\/trang-chu\/\"},{\"@type\":\"ListItem\",\"position\":2,\"name\":\"H\u1ea1t nh\u1ef1a\",\"item\":\"https:\/\/mainam.com.vn\/en\/hat-nhua-2\/\"},{\"@type\":\"ListItem\",\"position\":3,\"name\":\"H\u1ea1t LDPE\"}]},{\"@type\":\"WebSite\",\"@id\":\"https:\/\/mainam.com.vn\/#website\",\"url\":\"https:\/\/mainam.com.vn\/\",\"name\":\"Mai Nam - S\u1ea3n xu\u1ea5t m\u00e0ng HIPS, m\u00e0ng co PE, PVC, t\u00fai PE, HDPE, chai HDPE\",\"description\":\"Mai Nam - Nh\u00e0 S\u1ea3n xu\u1ea5t m\u00e0ng HIPS, m\u00e0ng co PE, PVC, t\u00fai PE, HDPE, chai HDPE h\u00e0ng \u0111\u1ea7u t\u1ea1i Vi\u1ec7t Nam\",\"potentialAction\":[{\"@type\":\"SearchAction\",\"target\":{\"@type\":\"EntryPoint\",\"urlTemplate\":\"https:\/\/mainam.com.vn\/?s={search_term_string}\"},\"query-input\":\"required name=search_term_string\"}],\"inLanguage\":\"en-US\"}]}<\/script>\n<!-- \/ Yoast SEO plugin. -->","yoast_head_json":{"title":"H\u1ea1t LDPE - Mai Nam - S\u1ea3n xu\u1ea5t m\u00e0ng HIPS, m\u00e0ng co PE, PVC, t\u00fai PE, HDPE, chai HDPE","robots":{"index":"index","follow":"follow","max-snippet":"max-snippet:-1","max-image-preview":"max-image-preview:large","max-video-preview":"max-video-preview:-1"},"canonical":"https:\/\/mainam.com.vn\/en\/hat-nhua-2\/hat-ldpe\/","og_locale":"en_US","og_type":"article","og_title":"H\u1ea1t LDPE - Mai Nam - S\u1ea3n xu\u1ea5t m\u00e0ng HIPS, m\u00e0ng co PE, PVC, t\u00fai PE, HDPE, chai HDPE","og_url":"https:\/\/mainam.com.vn\/en\/hat-nhua-2\/hat-ldpe\/","og_site_name":"Mai Nam - S\u1ea3n xu\u1ea5t m\u00e0ng HIPS, m\u00e0ng co PE, PVC, t\u00fai PE, HDPE, chai HDPE","article_modified_time":"2016-04-01T09:53:52+00:00","twitter_card":"summary_large_image","schema":{"@context":"https:\/\/schema.org","@graph":[{"@type":"WebPage","@id":"https:\/\/mainam.com.vn\/en\/hat-nhua-2\/hat-ldpe\/","url":"https:\/\/mainam.com.vn\/en\/hat-nhua-2\/hat-ldpe\/","name":"H\u1ea1t LDPE - Mai Nam - S\u1ea3n xu\u1ea5t m\u00e0ng HIPS, m\u00e0ng co PE, PVC, t\u00fai PE, HDPE, chai HDPE","isPartOf":{"@id":"https:\/\/mainam.com.vn\/#website"},"datePublished":"2016-01-12T07:54:06+00:00","dateModified":"2016-04-01T09:53:52+00:00","breadcrumb":{"@id":"https:\/\/mainam.com.vn\/en\/hat-nhua-2\/hat-ldpe\/#breadcrumb"},"inLanguage":"en-US","potentialAction":[{"@type":"ReadAction","target":["https:\/\/mainam.com.vn\/en\/hat-nhua-2\/hat-ldpe\/"]}]},{"@type":"BreadcrumbList","@id":"https:\/\/mainam.com.vn\/en\/hat-nhua-2\/hat-ldpe\/#breadcrumb","itemListElement":[{"@type":"ListItem","position":1,"name":"Home","item":"https:\/\/mainam.com.vn\/en\/trang-chu\/"},{"@type":"ListItem","position":2,"name":"H\u1ea1t nh\u1ef1a","item":"https:\/\/mainam.com.vn\/en\/hat-nhua-2\/"},{"@type":"ListItem","position":3,"name":"H\u1ea1t LDPE"}]},{"@type":"WebSite","@id":"https:\/\/mainam.com.vn\/#website","url":"https:\/\/mainam.com.vn\/","name":"Mai Nam - S\u1ea3n xu\u1ea5t m\u00e0ng HIPS, m\u00e0ng co PE, PVC, t\u00fai PE, HDPE, chai HDPE","description":"Mai Nam - Nh\u00e0 S\u1ea3n xu\u1ea5t m\u00e0ng HIPS, m\u00e0ng co PE, PVC, t\u00fai PE, HDPE, chai HDPE h\u00e0ng \u0111\u1ea7u t\u1ea1i Vi\u1ec7t Nam","potentialAction":[{"@type":"SearchAction","target":{"@type":"EntryPoint","urlTemplate":"https:\/\/mainam.com.vn\/?s={search_term_string}"},"query-input":"required name=search_term_string"}],"inLanguage":"en-US"}]}},"_links":{"self":[{"href":"https:\/\/mainam.com.vn\/en\/wp-json\/wp\/v2\/pages\/3104"}],"collection":[{"href":"https:\/\/mainam.com.vn\/en\/wp-json\/wp\/v2\/pages"}],"about":[{"href":"https:\/\/mainam.com.vn\/en\/wp-json\/wp\/v2\/types\/page"}],"author":[{"embeddable":true,"href":"https:\/\/mainam.com.vn\/en\/wp-json\/wp\/v2\/users\/7"}],"replies":[{"embeddable":true,"href":"https:\/\/mainam.com.vn\/en\/wp-json\/wp\/v2\/comments?post=3104"}],"version-history":[{"count":0,"href":"https:\/\/mainam.com.vn\/en\/wp-json\/wp\/v2\/pages\/3104\/revisions"}],"up":[{"embeddable":true,"href":"https:\/\/mainam.com.vn\/en\/wp-json\/wp\/v2\/pages\/3069"}],"wp:attachment":[{"href":"https:\/\/mainam.com.vn\/en\/wp-json\/wp\/v2\/media?parent=3104"}],"curies":[{"name":"wp","href":"https:\/\/api.w.org\/{rel}","templated":true}]}}